{"id":28,"date":"2025-06-17T12:58:45","date_gmt":"2025-06-17T12:58:45","guid":{"rendered":"https:\/\/jornadasconveniopaisaje.webs.upv.es\/?page_id=28"},"modified":"2025-07-09T13:00:09","modified_gmt":"2025-07-09T13:00:09","slug":"ponentes","status":"publish","type":"page","link":"https:\/\/jornadasconveniopaisaje.webs.upv.es\/index.php\/ponentes\/","title":{"rendered":"Ponentes"},"content":{"rendered":"\n<ul class=\"wp-block-list\">\n<li>Representante del Consejo de Europa\n<ul class=\"wp-block-list\">\n<li><strong>D\u00aa Marta Rodrigues <\/strong>(Presidenta de la 13\u00aa Conferencia sobre la implementaci\u00f3n del Convenio del Paisaje del Consejo de Europa)<\/li>\n<\/ul>\n<\/li>\n<\/ul>\n\n\n\n<ul class=\"wp-block-list\">\n<li>Representante del Ministerio de Cultura, Gobierno de Espa\u00f1a\n<ul class=\"wp-block-list\">\n<li><strong>D. Antonio Jes\u00fas Antequera Delgado<\/strong> (Coordinador del Plan Nacional de Paisaje Cultural, Ministerio de Cultura, Gobierno de Espa\u00f1a)<\/li>\n<\/ul>\n<\/li>\n<\/ul>\n\n\n\n<ul class=\"wp-block-list\">\n<li>Representante de la Conselleria de Medio Ambiente, Infraestructuras y Territorio, Generalitat Valenciana\n<ul class=\"wp-block-list\">\n<li><strong>D. Miguel \u00c1ngel Ivorra Devesa<\/strong> (Director general de Urbanismo, Paisaje y Evaluaci\u00f3n Ambiental, Conselleria de Medio Ambiente, Infraestructuras y Territorio, Generalitat Valenciana).<\/li>\n<\/ul>\n<\/li>\n<\/ul>\n\n\n\n<ul class=\"wp-block-list\">\n<li><strong>Jes\u00fas Mar\u00eda Erquicia Olaciregui <\/strong>(Responsable del Servicio de Ordenaci\u00f3n del Territorio y Planeamiento del Gobierno Vasco (1987-2022))\n<ul class=\"wp-block-list\">\n<li>Responsable del Servicio de Ordenaci\u00f3n del Territorio y Planeamiento del Gobierno Vasco desde 1987 a 2022. Arquitecto por la Escuela de Arquitectura de la UPV. Doctor Arquitecto por la Universidad del Pa\u00eds Vasco y Diplomado en Ordenaci\u00f3n del Territorio. Profesor de la Escuela Vasca de Estudios Territoriales y Urbanos (EVETU) del Instituto Vasco de Administraci\u00f3n P\u00fablica (IVAP) y miembro de su Consejo Rector. Director T\u00e9cnico del proceso de promoci\u00f3n y redacci\u00f3n de los instrumentos de Ordenaci\u00f3n Territorial previstos en la Ley de Ordenaci\u00f3n del Territorio del Pa\u00eds Vasco.<\/li>\n<\/ul>\n<\/li>\n<\/ul>\n\n\n\n<ul class=\"wp-block-list\">\n<li><strong>Vicente Dom\u00e9nech Gregori<\/strong> (antiguo Subdirector General de Ordenaci\u00f3n, Planificaci\u00f3n y Actuaciones Territoriales Estrat\u00e9gicas; Generalitat Valenciana)\n<ul class=\"wp-block-list\">\n<li>Experto en ordenaci\u00f3n territorial. Subdirector General de Ordenaci\u00f3n del Territorio y Paisaje de la Generalitat Valenciana desde 2007 hasta jubilaci\u00f3n en julio de 2023. Director junto con Arancha Mu\u00f1oz Criado de la Estrategia Territorial de la Comunidad Valenciana. Director t\u00e9cnico administrativo de diversos planes de ordenaci\u00f3n del territorio entre los que desataca el Plan de acci\u00f3n Territorial contra el Riesgo de Inundaciones en la Comunitat Valenciana (PATRICOVA)<\/li>\n<\/ul>\n<\/li>\n<\/ul>\n\n\n\n<ul class=\"wp-block-list\">\n<li><strong>Prof. Dr. Bas Pedroli<\/strong> (Wageningen University and Research, Paises Bajos)\n<ul class=\"wp-block-list\">\n<li>Investigador principal en la Universidad e Investigaci\u00f3n de Wageningen (Alterra) y profesor asociado en la Universidad de Wageningen (Grupo de Planificaci\u00f3n del Uso del Suelo), con un doctorado en geograf\u00eda f\u00edsica \/ ecolog\u00eda del paisaje. Es director de Asuntos Externos de UNISCAPE (Asociaci\u00f3n de Universidades para la Convenci\u00f3n Europea del Paisaje) y miembro activo de otras redes cient\u00edficas y de ONG europeas (por ejemplo, Landscape Europe, IALE, PETRARCA, CIVILSCAPE). Ha publicado numerosos trabajos de investigaci\u00f3n y editado varios libros cient\u00edficos. Experto en ordenaci\u00f3n territorial, gesti\u00f3n del paisaje y la planificaci\u00f3n de la conservaci\u00f3n de la naturaleza desde una perspectiva de desarrollo sostenible.<\/li>\n<\/ul>\n<\/li>\n<\/ul>\n\n\n\n<ul class=\"wp-block-list\">\n<li><strong>Prof. Dr. Ellen Fetzer<\/strong> (Presidenta del Instituto LE:NOTRE, Alemania)\n<ul class=\"wp-block-list\">\n<li>Titulada y doctora en planificaci\u00f3n del paisaje de la Universidad de Kassel, Alemania. Desde 2001 trabaja en la Facultad de Arquitectura del Paisaje, Medio Ambiente y Urbanismo de N\u00fcrtingen (Stuttgart). Coordinadora del m\u00e1ster internacional en arquitectura del paisaje (IMLA). Ex Presidenta de ECLAS (Consejo Europeo de Escuelas de Arquitectura del Paisaje) y directora del Instituto Le:Notre. El segundo foco de su trabajo es el aprendizaje colaborativo asistido por ordenador en el campo de la educaci\u00f3n interdisciplinar en materia de paisaje y territorio.<\/li>\n<\/ul>\n<\/li>\n<\/ul>\n\n\n\n<ul class=\"wp-block-list\">\n<li><strong>Dr. Ramiro Mart\u00ednez Costa<\/strong> (Coordinador General de la Red Mediterr\u00e1nea de Organismos de Cuenca, socio de EVREN SLP)&nbsp;\n<ul class=\"wp-block-list\">\n<li>Experto en derecho nacional e internacional de aguas. Ramiro Mart\u00ednez es doctor en ingenier\u00eda civil y actualmente trabaja en EVREN SLP como socio propietario y director del \u00e1rea de hidrolog\u00eda y recursos h\u00eddricos. Cuenta con m\u00e1s de 35 a\u00f1os de experiencia profesional en los campos de la hidrolog\u00eda, el medio ambiente, la ingenier\u00eda del suelo en todo el mundo y con amplias relaciones internacionales en estas \u00e1reas. Es el Coordinador General de la Red Mediterr\u00e1nea de Organismos de Cuenca desde su creaci\u00f3n en 2003.<\/li>\n<\/ul>\n<\/li>\n<\/ul>\n\n\n\n<ul class=\"wp-block-list\">\n<li><strong>Prof. Dr. Marialuce Stanganelli<\/strong> (Universit\u00e0 degli Studi di Napoli Federico II, Italia)\n<ul class=\"wp-block-list\">\n<li>Profesora Titular de Planificaci\u00f3n y T\u00e9cnica Urbana en el Departamento de Arquitectura de la Universidad de N\u00e1poles Federico II. Experta en geo inform\u00e1tica, planeamiento regional y urbano, gesti\u00f3n de riegos naturales, y uso de sensores remotos y cartograf\u00edas SIG para la planificaci\u00f3n de riesgos en el paisaje. Coordinadora cient\u00edfica del seminario internacional Uniscape En-Route \u00abPaisaje en Riesgo\u00bb (Pozzuoli, mayo de 2020) en el que se abordaron los estudios de riesgos volc\u00e1nicos y s\u00edsmicos en Italia y los planes de emergencia para responder a estos.<\/li>\n<\/ul>\n<\/li>\n<\/ul>\n\n\n\n<ul class=\"wp-block-list\">\n<li><strong>Rosana Mu\u00f1oz Capel<\/strong> (Jefa del Servicio de Paisaje, Generalitat Valenciana)\n<ul class=\"wp-block-list\">\n<li>Arquitecta por la Universidad Polit\u00e9cnica de Valencia desde 2005. Ha trabajado en los estudios de Arancha Mu\u00f1oz Criado y Eduardo de Miguel, as\u00ed como en diversas empresas, p\u00fablicas y privadas, en materias relacionadas con urbanismo y paisaje. Desde 2012 es arquitecta de la Generalitat, en la Conselleria de Medio Ambiente, Infraestructuras y Territorio, donde ha desempe\u00f1ado funciones en la Comisi\u00f3n Territorial de Urbanismo, y en los Servicios de Planificaci\u00f3n Territorial y Paisaje. Actualmente desempe\u00f1a la jefatura del Servicio de Paisaje de la Conselleria de Medio Ambiente, Infraestructuras y Territorio.<\/li>\n<\/ul>\n<\/li>\n<\/ul>\n\n\n\n<ul class=\"wp-block-list\">\n<li><strong>Pere Sala i Mart\u00ed<\/strong> (Director del Observatorio de Paisaje de Catalu\u00f1a)\n<ul class=\"wp-block-list\">\n<li>Pere Sala i Mart\u00ed es licenciado en Ciencias Ambientales por la Universidad Aut\u00f3noma de Catalu\u00f1a. Actualmente, es director del Observatorio del Paisaje de Catalu\u00f1a, tras haber sido coordinador de 2005 a 2017. Su trabajo se centra en la integraci\u00f3n del paisaje en las pol\u00edticas p\u00fablicas, la implementaci\u00f3n de pol\u00edticas de paisaje en Europa, la relaci\u00f3n entre paisaje y desarrollo y el estudio de los paisajes emergentes. Es asesor del Consejo de Europa y secretario general del CIVILSCAPE. Es profesor asociado al Departamento de Humanidades de la Universidad Pompeu Fabra. Ha coordinado la elaboraci\u00f3n de los cat\u00e1logos de paisaje de Catalu\u00f1a, y ha sido autor y editor de varias publicaciones relacionadas con el paisaje y el desarrollo sostenible.<\/li>\n<\/ul>\n<\/li>\n<\/ul>\n\n\n\n<ul class=\"wp-block-list\">\n<li><strong>Sergio Palencia Jim\u00e9nez<\/strong> (Universidad Polit\u00e9cnica de Valencia):\n<ul class=\"wp-block-list\">\n<li>Ingeniero de Caminos, Canales y Puertos y doctor en Urbanismo, Territorio y Sostenibilidad por la Universitat Polit\u00e8cnica de Val\u00e8ncia (UPV). Profesor Permanente Laboral en la UPV e investigador del departamento de Urbanismo de la UPV. Director del M\u00e1ster Universitario de Transportes, Territorio y Urbanismo en la UPV. Secretario de la Asociaci\u00f3n Interprofesional de Ordenaci\u00f3n del Territorio (FUNDICOT). Su investigaci\u00f3n se centra en la gesti\u00f3n de los riesgos naturales, destacando el riesgo de inundaci\u00f3n entre otros, desde la perspectiva de la ordenaci\u00f3n del territorio y el cambio clim\u00e1tico. Particip\u00f3 en la redacci\u00f3n del Plan de Acci\u00f3n Territorial de car\u00e1cter sectorial sobre prevenci\u00f3n del Riesgo de Inundaci\u00f3n en la Comunitat Valenciana (PATRICOVA). Ha colaborado en dos proyectos europeos sobre riesgos de inundaci\u00f3n: Smart Resilience Technology, Systems and Tools (SMARTeST) y Proyecto Europeo E2TORMED.<\/li>\n<\/ul>\n<\/li>\n<\/ul>\n\n\n\n<p><strong>COMIT\u00c9 CIENT\u00cdFICO<\/strong><\/p>\n\n\n\n<ul class=\"wp-block-list\">\n<li><strong>Juan Jos\u00e9 Gal\u00e1n Vivas<\/strong> (Departamento de Urbanismo, Universidad Polit\u00e9cnica de Valencia)<\/li>\n\n\n\n<li><strong>Bas Pedroli<\/strong> (Wageningen University and Research, Paises Bajos)<\/li>\n\n\n\n<li><strong>Ellen Fetzer<\/strong> (Le:Notre Institute, N\u00fcrtingen-Geislingen University, Germany)<\/li>\n\n\n\n<li><strong>Joaqu\u00edn Farin\u00f3s Das\u00ed <\/strong>(Departamento de Geograf\u00eda, Universitat de Valencia)<\/li>\n\n\n\n<li><strong>Rafael Temes Cordovez<\/strong> (Departamento de Urbanismo, Universidad Polit\u00e9cnica de Valencia)<\/li>\n\n\n\n<li><strong>Sasa Dobricic<\/strong> (Presidente de UNISCAPE, University of Nova Gorica, Eslovenia)<\/li>\n\n\n\n<li><strong>Nuria Matarredona Desantes <\/strong>(Departamento de Composici\u00f3n Arquitect\u00f3nica, Universidad Polit\u00e9cnica de Valencia)<\/li>\n<\/ul>\n","protected":false},"excerpt":{"rendered":"<p>COMIT\u00c9 CIENT\u00cdFICO<\/p>\n","protected":false},"author":1,"featured_media":0,"parent":0,"menu_order":0,"comment_status":"closed","ping_status":"closed","template":"","meta":{"footnotes":""},"class_list":["post-28","page","type-page","status-publish","hentry"],"_links":{"self":[{"href":"https:\/\/jornadasconveniopaisaje.webs.upv.es\/index.php\/wp-json\/wp\/v2\/pages\/28","targetHints":{"allow":["GET"]}}],"collection":[{"href":"https:\/\/jornadasconveniopaisaje.webs.upv.es\/index.php\/wp-json\/wp\/v2\/pages"}],"about":[{"href":"https:\/\/jornadasconveniopaisaje.webs.upv.es\/index.php\/wp-json\/wp\/v2\/types\/page"}],"author":[{"embeddable":true,"href":"https:\/\/jornadasconveniopaisaje.webs.upv.es\/index.php\/wp-json\/wp\/v2\/users\/1"}],"replies":[{"embeddable":true,"href":"https:\/\/jornadasconveniopaisaje.webs.upv.es\/index.php\/wp-json\/wp\/v2\/comments?post=28"}],"version-history":[{"count":13,"href":"https:\/\/jornadasconveniopaisaje.webs.upv.es\/index.php\/wp-json\/wp\/v2\/pages\/28\/revisions"}],"predecessor-version":[{"id":168,"href":"https:\/\/jornadasconveniopaisaje.webs.upv.es\/index.php\/wp-json\/wp\/v2\/pages\/28\/revisions\/168"}],"wp:attachment":[{"href":"https:\/\/jornadasconveniopaisaje.webs.upv.es\/index.php\/wp-json\/wp\/v2\/media?parent=28"}],"curies":[{"name":"wp","href":"https:\/\/api.w.org\/{rel}","templated":true}]}}