{"id":2,"date":"2025-06-17T10:56:43","date_gmt":"2025-06-17T10:56:43","guid":{"rendered":"https:\/\/jornadasconveniopaisaje.webs.upv.es\/?page_id=2"},"modified":"2026-03-14T18:23:07","modified_gmt":"2026-03-14T18:23:07","slug":"sample-page","status":"publish","type":"page","link":"https:\/\/jornadasconveniopaisaje.webs.upv.es\/","title":{"rendered":"JORNADAS INTERNACIONALES 25 A\u00d1OS DEL CONVENIO DE PAISAJE DEL CONSEJO DE EUROPA: Aprendizajes y Retos en la Gobernanza, Planificaci\u00f3n, Gesti\u00f3n de Riesgos y Estudio del Paisaje"},"content":{"rendered":"\n<p class=\"has-small-font-size\">Tras la redacci\u00f3n del Convenio del Paisaje del Consejo de Europa en el a\u00f1o 2000, la Comunidad Valenciana y otras comunidades aut\u00f3nomas espa\u00f1olas definieron algunas de las pol\u00edticas y herramientas m\u00e1s avanzadas para la integraci\u00f3n del paisaje en la planificaci\u00f3n y gesti\u00f3n del territorio. Transcurridos 25 a\u00f1os, estas jornadas proponen una reflexi\u00f3n internacional y poli\u00e9drica de los principales \u00e9xitos y retos encontrados durante este periodo, as\u00ed como la identificaci\u00f3n de las oportunidades surgidas del nuevo \u00edmpetu que el Consejo de Europa quiere proporcionar al Convenio mediante su reciente vinculaci\u00f3n a la Direcci\u00f3n General de Derechos Sociales, Salud y Medio Ambiente. En este contexto, se han identificado cuatro temas que estructurar\u00e1n el debate durante las distintas mesas de trabajo programadas en las jornadas. Primeramente, la Planificaci\u00f3n del Paisaje y la mejora de su vinculaci\u00f3n con otras herramientas de planificaci\u00f3n territorial, urban\u00edstica y sectorial. En segundo lugar, la Gobernanza del Paisaje como marco para la integraci\u00f3n sostenible de demandas y expectativas sociales y econ\u00f3micas. En tercer lugar, la Gesti\u00f3n de Riesgos en el Paisaje como respuesta a las vulnerabilidades derivadas de la intensa ocupaci\u00f3n del territorio y de los riesgos ambientales, de los que la reciente DANA de Valencia constituye un ejemplo paradigm\u00e1tico y de alt\u00edsimo inter\u00e9s internacional. Finalmente, un cuarto tema centrado en los contenidos y m\u00e9todos para el Estudio del Paisaje, al constituir dichos estudios los documentos b\u00e1sicos para poder operar satisfactoriamente en los tres temas anteriores. A nivel organizativo, las conferencias inaugurales ser\u00e1n impartidas por expertos internacionales de primer orden, quienes participar\u00e1n tambi\u00e9n en la moderaci\u00f3n de las mesas de trabajo en las que los asistentes definir\u00e1n conjuntamente una serie de recomendaciones para la adecuada implementaci\u00f3n del Convenio en los pr\u00f3ximos a\u00f1os. Las jornadas concluir\u00e1n con una visita guiada a la zona sur del \u00c1rea Metropolitana de Valencia para conocer de cerca dicho territorio, sus vulnerabilidades y proponer acciones dirigidas al aumento de su resiliencia.<\/p>\n\n\n\n<h2 class=\"wp-block-heading\">RESULTADOS<\/h2>\n\n\n\n<div class=\"wp-block-file\"><a id=\"wp-block-file--media-4fe2bb21-6462-4952-96eb-38ad4387bfd1\" href=\"https:\/\/jornadasconveniopaisaje.webs.upv.es\/wp-content\/uploads\/2026\/03\/Resumenes-PonenciasMesas-Trabajo-Jornadas-Convenio-Paisaje-2025.pdf\">Res\u00famenes Ponencias+Mesas Trabajo (Jornadas Convenio Paisaje 2025)<\/a><a href=\"https:\/\/jornadasconveniopaisaje.webs.upv.es\/wp-content\/uploads\/2026\/03\/Resumenes-PonenciasMesas-Trabajo-Jornadas-Convenio-Paisaje-2025.pdf\" class=\"wp-block-file__button wp-element-button\" download aria-describedby=\"wp-block-file--media-4fe2bb21-6462-4952-96eb-38ad4387bfd1\">Descarga<\/a><\/div>\n\n\n\n<div class=\"wp-block-file\"><a id=\"wp-block-file--media-1acce454-e6ae-452e-b3f4-251fbede9148\" href=\"https:\/\/jornadasconveniopaisaje.webs.upv.es\/wp-content\/uploads\/2026\/03\/Resumenes-PonenciasMesas-Trabajo-Jornadas-Convenio-Paisaje-2025_extendido.pdf\">Res\u00famenes Ponencias+Mesas Trabajo (Jornadas Convenio Paisaje 2025)_extendido<\/a><a href=\"https:\/\/jornadasconveniopaisaje.webs.upv.es\/wp-content\/uploads\/2026\/03\/Resumenes-PonenciasMesas-Trabajo-Jornadas-Convenio-Paisaje-2025_extendido.pdf\" class=\"wp-block-file__button wp-element-button\" download aria-describedby=\"wp-block-file--media-1acce454-e6ae-452e-b3f4-251fbede9148\">Descarga<\/a><\/div>\n\n\n\n<h2 class=\"wp-block-heading\"><strong>PROGRAMA<\/strong><\/h2>\n\n\n\n<p><em>Fechas: 17 y 18 de octubre 2025<\/em><\/p>\n\n\n\n<p><em>Lugar: Escuela T\u00e9cnica Superior de Arquitectura (Universidad Polit\u00e9cnica de Valencia)<\/em><\/p>\n\n\n\n<p><strong>Viernes 17 de octubre 2025<\/strong><\/p>\n\n\n\n<ul class=\"wp-block-list\">\n<li><strong>9:00-9:30: Recepci\u00f3n<\/strong><\/li>\n\n\n\n<li><strong>9:30-10:00: Bienvenida institucional <\/strong>(Sala de Proyecciones, ETSA-UPV)\n<ul class=\"wp-block-list\">\n<li><em>Bel\u00e9n Pico Sirvent (Vicerrectora de Investigaci\u00f3n, UPV)<\/em><\/li>\n\n\n\n<li><em>Ernesto Fenollosa Forner (Director de la ETS de Arquitectura, UPV)<\/em><\/li>\n\n\n\n<li><em>Mar\u00eda Emilia Casar Furio (Directora del Departamento, UPV)<\/em><\/li>\n<\/ul>\n<\/li>\n\n\n\n<li><strong>10:00-11:00 Perspectivas desde las administraciones <\/strong>(Sala de Proyecciones, ETSA-UPV)\n<ul class=\"wp-block-list\">\n<li>10:00-10:20 El Convenio del Paisaje del Consejo de Europa: nuevas perspectivas\n<ul class=\"wp-block-list\">\n<li><em>D\u00aa Marta Rodrigues<strong> <\/strong>(Presidenta de la 13\u00aa Conferencia sobre la implementaci\u00f3n del Convenio del Paisaje del Consejo de Europa)<\/em><\/li>\n<\/ul>\n<\/li>\n\n\n\n<li>10:20-10:40 El Convenio del Paisaje en Espa\u00f1a: presente y futuro\n<ul class=\"wp-block-list\">\n<li><em><em>D. Antonio Jes\u00fas Antequera Delgado (Coordinador del Plan Nacional de Paisaje Cultural, Ministerio de Cultura, Gobierno de Espa\u00f1a)<\/em><\/em><\/li>\n<\/ul>\n<\/li>\n\n\n\n<li>10:40-11:00 El Convenio del Paisaje en la Comunidad Valenciana\n<ul class=\"wp-block-list\">\n<li><em><em>Miguel \u00c1ngel Ivorra Devesa (Director general de Urbanismo, Paisaje y Evaluaci\u00f3n Ambiental, Conselleria de Medio Ambiente, Infraestructuras y Territorio, Generalitat Valenciana)<\/em>.<\/em><\/li>\n<\/ul>\n<\/li>\n<\/ul>\n<\/li>\n\n\n\n<li><strong>11:00-11:30 Pausa caf\u00e9<\/strong><\/li>\n\n\n\n<li><strong>11:30-13:30 Presentaci\u00f3n de las mesas de trabajo<\/strong> (Sala de Proyecciones, ETSA-UPV)\n<ul class=\"wp-block-list\">\n<li>11:30-12:15 TEMA 1: Planificaci\u00f3n y Paisaje: Perspectivas del planeamiento territorial y sectorial, y aportaciones desde el paisaje\n<ul class=\"wp-block-list\">\n<li><em>Jes\u00fas Mar\u00eda Erquicia Olaciregui (ex-Responsable del Servicio de Ordenaci\u00f3n del Territorio y Planeamiento del Gobierno Vasco (1987-2022)).<\/em><\/li>\n\n\n\n<li><em>Vicente Dom\u00e9nech Gregori (antiguo Subdirector General de Ordenaci\u00f3n, Planificaci\u00f3n y Actuaciones Territoriales Estrat\u00e9gicas; Generalitat Valenciana)<\/em><\/li>\n<\/ul>\n<\/li>\n\n\n\n<li>12:15-13:00 TEMA 2: Gobernanza del Paisaje: el paisaje como lugar de consensos\n<ul class=\"wp-block-list\">\n<li><em>Dr. Bas Pedroli (Wageningen University and Research, Pa\u00edses Bajos)<\/em><\/li>\n\n\n\n<li><em>Dr. Ellen Fetzer (Presidenta del Instituto LE:NOTRE Alemania)<\/em><\/li>\n<\/ul>\n<\/li>\n\n\n\n<li>13:00-13:45 TEMA 3: Gesti\u00f3n de Riesgos en el Paisaje: diagn\u00f3stico y soluciones\n<ul class=\"wp-block-list\">\n<li><em>Ramiro Mart\u00ednez Costa (Coordinador General de la Red Mediterr\u00e1nea de Organismos de Cuenca, socio de EVREN SLP)&nbsp;<\/em><\/li>\n\n\n\n<li><em>Prof. Dr. Marialuce Stanganelli (Universit\u00e0 degli Studi di Napoli Federico II, Italia)&nbsp;<\/em><\/li>\n<\/ul>\n<\/li>\n\n\n\n<li>13:45-14:30 TEMA 4: Estudios de Paisaje: herramientas, metodolog\u00edas y problem\u00e1ticas\n<ul class=\"wp-block-list\">\n<li><em>Rosana Mu\u00f1oz Capel (Jefa del Servicio de Paisaje, Generalitat Valenciana)&nbsp;<\/em><\/li>\n\n\n\n<li><em>Pere Sala i Mart\u00ed (Director del Observatorio de Paisaje de Catalu\u00f1a)&nbsp;<\/em><\/li>\n<\/ul>\n<\/li>\n<\/ul>\n<\/li>\n\n\n\n<li><strong>14:30-16:00 Almuerzo<\/strong><\/li>\n\n\n\n<li><strong>16:00 -18:00 Mesas de Trabajo <\/strong>(en 4 aulas de la ETSA-UPV)\n<ul class=\"wp-block-list\">\n<li>16:00 -18:00 MESA 1: Planificaci\u00f3n y Paisaje: Perspectivas del planeamiento territorial y sectorial, y aportaciones desde el paisaje\n<ul class=\"wp-block-list\">\n<li><em>Expertos: Jes\u00fas Mar\u00eda Erquicia Olaciregui y Vicente Dom\u00e9nech Gregori&nbsp;<\/em><\/li>\n\n\n\n<li><em>Moderador \/ Facilitador: Joaqu\u00edn Farin\u00f3s Das\u00ed (Catedr\u00e1tico Universitat de Val\u00e8ncia, presidente de FUNDICOT)&nbsp;<\/em><\/li>\n\n\n\n<li>Trabajo: Identificaci\u00f3n de retos, posibles soluciones, preparaci\u00f3n de conclusiones<\/li>\n<\/ul>\n<\/li>\n\n\n\n<li>16:00 -18:00 TEMA 2: Gobernanza del Paisaje: el paisaje como lugar de consensos (en ingl\u00e9s)\n<ul class=\"wp-block-list\">\n<li><em>Expertos: Dr. Bas Pedroli y Dr. Ellen Fetzer<\/em><\/li>\n\n\n\n<li><em>Moderador \/ Facilitador: Juanjo Gal\u00e1n Vivas (Profesor UPV)<\/em><\/li>\n\n\n\n<li>Trabajo: Identificaci\u00f3n de retos, posibles soluciones, preparaci\u00f3n de conclusiones<\/li>\n<\/ul>\n<\/li>\n\n\n\n<li>16:00 -18:00 TEMA 3: Gesti\u00f3n de Riesgos en el Paisaje: diagn\u00f3stico y soluciones (en ingl\u00e9s)\n<ul class=\"wp-block-list\">\n<li><em>Expertos: Dr. Ramiro Mart\u00ednez Costa y Prof. Dr. Marialuce Stanganelli<\/em><\/li>\n\n\n\n<li><em>Moderador \/ Facilitador: Josep Llu\u00eds Miralles Garc\u00eda (coordinador AUOT)<\/em><\/li>\n\n\n\n<li>Trabajo: Identificaci\u00f3n de retos, posibles soluciones, preparaci\u00f3n de conclusiones<\/li>\n<\/ul>\n<\/li>\n\n\n\n<li>16:00 -18:00 TEMA 4: Estudios de Paisaje: herramientas, metodolog\u00edas y problem\u00e1ticas\n<ul class=\"wp-block-list\">\n<li><em>Expertos: Rosana Mu\u00f1oz Capel y Pere Sala i Mart\u00ed&nbsp;<\/em><\/li>\n\n\n\n<li><em>Moderador \/ Facilitador: Ignacio Diez Torrijos (Profesor UPV)&nbsp;<\/em><\/li>\n\n\n\n<li>Trabajo: Identificaci\u00f3n de retos, posibles soluciones, preparaci\u00f3n de conclusiones<\/li>\n<\/ul>\n<\/li>\n<\/ul>\n<\/li>\n\n\n\n<li><strong>18:00 &#8211; 19:30 Presentaci\u00f3n de resultados de las mesas de trabajo y mesa redonda con los moderadores<\/strong> (Sala de Proyecciones, ETSA-UPV)<\/li>\n\n\n\n<li><strong>21:30 Cena<\/strong><\/li>\n<\/ul>\n\n\n\n<p><strong>S\u00e1bado 18 de octubre 2025<\/strong><\/p>\n\n\n\n<ul class=\"wp-block-list\">\n<li><strong>9:30-11:00: Clase introductoria sobre la DANA de octubre de 2024 <\/strong>(Sala de Proyecciones, ETSA-UP\n<ul class=\"wp-block-list\">\n<li><strong>Sergio Palencia Jim\u00e9nez <\/strong>(Profesor UPV. Director del M\u00e1ster Universitario de Transportes, Territorio y Urbanismo de la UPV)<strong>&nbsp;<\/strong><\/li>\n<\/ul>\n<\/li>\n\n\n\n<li><strong>11:00 14:00: Visita al corredor sur y las zonas inundadas en la DANA de octubre 2024 <\/strong>(en autob\u00fas con distintas paradas en puntos estrat\u00e9gicos)<\/li>\n<\/ul>\n\n\n\n<p class=\"has-small-font-size\"><strong>14:00 Almuerzo informal<\/strong> (tipo picnic) y cierre de las Jornadas<\/p>\n\n\n\n<p><\/p>\n\n\n\n<p style=\"font-size:28px\"><\/p>\n\n\n\n<div class=\"wp-block-buttons is-layout-flex wp-block-buttons-is-layout-flex\">\n<div class=\"wp-block-button\"><a class=\"wp-block-button__link wp-element-button\" href=\"https:\/\/jornadasconveniopaisaje.webs.upv.es\/index.php\/pre-inscripcion\/\">INSCRIPCI\u00d3N CERRADA (aforo completado)<\/a><\/div>\n<\/div>\n\n\n\n<p>Contacto: <a href=\"mailto:juagavi@urb.upv.es\">juagavi@urb.upv.es<\/a><\/p>\n\n\n\n<figure class=\"wp-block-image size-large\"><img loading=\"lazy\" decoding=\"async\" width=\"1024\" height=\"211\" src=\"https:\/\/jornadasconveniopaisaje.webs.upv.es\/wp-content\/uploads\/2025\/10\/LOGOS-International-Symposium-Landscape-Convention_final-1024x211.jpg\" alt=\"\" class=\"wp-image-431\" srcset=\"https:\/\/jornadasconveniopaisaje.webs.upv.es\/wp-content\/uploads\/2025\/10\/LOGOS-International-Symposium-Landscape-Convention_final-1024x211.jpg 1024w, https:\/\/jornadasconveniopaisaje.webs.upv.es\/wp-content\/uploads\/2025\/10\/LOGOS-International-Symposium-Landscape-Convention_final-300x62.jpg 300w, https:\/\/jornadasconveniopaisaje.webs.upv.es\/wp-content\/uploads\/2025\/10\/LOGOS-International-Symposium-Landscape-Convention_final-768x158.jpg 768w, https:\/\/jornadasconveniopaisaje.webs.upv.es\/wp-content\/uploads\/2025\/10\/LOGOS-International-Symposium-Landscape-Convention_final-1536x317.jpg 1536w, https:\/\/jornadasconveniopaisaje.webs.upv.es\/wp-content\/uploads\/2025\/10\/LOGOS-International-Symposium-Landscape-Convention_final-2048x422.jpg 2048w\" sizes=\"auto, (max-width: 1024px) 100vw, 1024px\" \/><\/figure>\n","protected":false},"excerpt":{"rendered":"<p>Tras la redacci\u00f3n del Convenio del Paisaje del Consejo de Europa en el a\u00f1o 2000, la Comunidad Valenciana y otras comunidades aut\u00f3nomas espa\u00f1olas definieron algunas de las pol\u00edticas y herramientas m\u00e1s avanzadas para la integraci\u00f3n del paisaje en la planificaci\u00f3n y gesti\u00f3n del territorio. Transcurridos 25 a\u00f1os, estas jornadas proponen una reflexi\u00f3n internacional y poli\u00e9drica [&hellip;]<\/p>\n","protected":false},"author":1,"featured_media":0,"parent":0,"menu_order":0,"comment_status":"closed","ping_status":"open","template":"","meta":{"footnotes":""},"class_list":["post-2","page","type-page","status-publish","hentry"],"_links":{"self":[{"href":"https:\/\/jornadasconveniopaisaje.webs.upv.es\/index.php\/wp-json\/wp\/v2\/pages\/2","targetHints":{"allow":["GET"]}}],"collection":[{"href":"https:\/\/jornadasconveniopaisaje.webs.upv.es\/index.php\/wp-json\/wp\/v2\/pages"}],"about":[{"href":"https:\/\/jornadasconveniopaisaje.webs.upv.es\/index.php\/wp-json\/wp\/v2\/types\/page"}],"author":[{"embeddable":true,"href":"https:\/\/jornadasconveniopaisaje.webs.upv.es\/index.php\/wp-json\/wp\/v2\/users\/1"}],"replies":[{"embeddable":true,"href":"https:\/\/jornadasconveniopaisaje.webs.upv.es\/index.php\/wp-json\/wp\/v2\/comments?post=2"}],"version-history":[{"count":38,"href":"https:\/\/jornadasconveniopaisaje.webs.upv.es\/index.php\/wp-json\/wp\/v2\/pages\/2\/revisions"}],"predecessor-version":[{"id":530,"href":"https:\/\/jornadasconveniopaisaje.webs.upv.es\/index.php\/wp-json\/wp\/v2\/pages\/2\/revisions\/530"}],"wp:attachment":[{"href":"https:\/\/jornadasconveniopaisaje.webs.upv.es\/index.php\/wp-json\/wp\/v2\/media?parent=2"}],"curies":[{"name":"wp","href":"https:\/\/api.w.org\/{rel}","templated":true}]}}